{"id":914,"date":"2024-11-28T17:52:57","date_gmt":"2024-11-28T17:52:57","guid":{"rendered":"https:\/\/mobiriamx.com\/contact\/"},"modified":"2025-11-05T17:14:01","modified_gmt":"2025-11-05T17:14:01","slug":"contact","status":"publish","type":"page","link":"https:\/\/mobiriamx.com\/?page_id=914","title":{"rendered":"Contact"},"content":{"rendered":"\t\t<div data-elementor-type=\"wp-page\" data-elementor-id=\"914\" class=\"elementor elementor-914\" data-elementor-post-type=\"page\">\n\t\t\t\t<div class=\"elementor-element elementor-element-e961e8d e-flex e-con-boxed e-con e-parent\" data-id=\"e961e8d\" data-element_type=\"container\">\n\t\t\t\t\t<div class=\"e-con-inner\">\n\t\t\t\t<div class=\"elementor-element elementor-element-6709a73 elementor-widget-divider--view-line elementor-widget elementor-widget-divider\" data-id=\"6709a73\" data-element_type=\"widget\" data-widget_type=\"divider.default\">\n\t\t\t\t<div class=\"elementor-widget-container\">\n\t\t\t\t\t<div class=\"elementor-divider\">\n\t\t\t<span class=\"elementor-divider-separator\">\n\t\t\t\t\t\t<\/span>\n\t\t<\/div>\n\t\t\t\t<\/div>\n\t\t\t\t<\/div>\n\t\t\t\t\t<\/div>\n\t\t\t\t<\/div>\n\t\t<div class=\"elementor-element elementor-element-4d42293f e-flex e-con-boxed e-con e-parent\" data-id=\"4d42293f\" data-element_type=\"container\" id=\"xs_drop_1\">\n\t\t\t\t\t<div class=\"e-con-inner\">\n\t\t\t\t<div class=\"elementor-element elementor-element-6f79aa78 elementor-widget elementor-widget-elementskit-heading\" data-id=\"6f79aa78\" data-element_type=\"widget\" data-widget_type=\"elementskit-heading.default\">\n\t\t\t\t<div class=\"elementor-widget-container\">\n\t\t\t<div class=\"ekit-wid-con\" ><div class=\"ekit-heading elementskit-section-title-wraper text_center   ekit_heading_tablet-   ekit_heading_mobile-\"><h2 class=\"ekit-heading--title elementskit-section-title \">Estamos aqu\u00ed para asesorarte.<\/h2><div class=\"ekit_heading_separetor_wraper ekit_heading_elementskit-border-divider elementskit-style-long\"><div class=\"elementskit-border-divider elementskit-style-long\"><\/div><\/div>\t\t\t\t<div class='ekit-heading__description'>\n\t\t\t\t\t<p>Consultas, dudas, comentarios<\/p>\n\t\t\t\t<\/div>\n\t\t\t<\/div><\/div>\t\t<\/div>\n\t\t\t\t<\/div>\n\t\t\t\t\t<\/div>\n\t\t\t\t<\/div>\n\t\t<div class=\"elementor-element elementor-element-44af5dc e-flex e-con-boxed e-con e-parent\" data-id=\"44af5dc\" data-element_type=\"container\" data-settings=\"{&quot;background_background&quot;:&quot;classic&quot;}\">\n\t\t\t\t\t<div class=\"e-con-inner\">\n\t\t<div class=\"elementor-element elementor-element-8e38d77 e-con-full e-flex e-con e-child\" data-id=\"8e38d77\" data-element_type=\"container\">\n\t\t\t\t<div class=\"elementor-element elementor-element-f6aa898 elementor-widget__width-initial elementor-widget elementor-widget-text-editor\" data-id=\"f6aa898\" data-element_type=\"widget\" data-widget_type=\"text-editor.default\">\n\t\t\t\t<div class=\"elementor-widget-container\">\n\t\t\t\t\t\t\t<div class=\"wp-block-uagb-advanced-heading uagb-block-a20267a8\">\n<h5 class=\"uagb-heading-text\">Oficina central<\/h5>\n<div class=\"uagb-separator\"><strong>Le\u00f3n, Guanajuato<\/strong><\/div>\n<\/div>\n<div class=\"wp-block-uagb-info-box uagb-block-454bb8b6 uagb-infobox__content-wrap  uagb-infobox-icon-left uagb-infobox-left uagb-infobox-image-valign-top wp-block-uagb-info-box--has-margin\">\n<div class=\"uagb-infobox-margin-wrapper\">\n<div class=\"uagb-ifb-content\">\n<p class=\"uagb-ifb-desc\">JUAN PABLO II, San Jer\u00f3nimo 314 A COL, 37148 Le\u00f3n de los Aldama, Gto., M\u00e9xico<\/p>\n<\/div>\n<\/div>\n<\/div>\t\t\t\t\t\t<\/div>\n\t\t\t\t<\/div>\n\t\t\t\t<\/div>\n\t\t<div class=\"elementor-element elementor-element-12b691b e-con-full e-flex e-con e-child\" data-id=\"12b691b\" data-element_type=\"container\">\n\t\t\t\t<div class=\"elementor-element elementor-element-a9a4197 elementor-widget elementor-widget-heading\" data-id=\"a9a4197\" data-element_type=\"widget\" data-widget_type=\"heading.default\">\n\t\t\t\t<div class=\"elementor-widget-container\">\n\t\t\t<h2 class=\"elementor-heading-title elementor-size-default\">Lunes a viernes \/ 9 a.m. a 6 p.m.<\/h2>\t\t<\/div>\n\t\t\t\t<\/div>\n\t\t\t\t<\/div>\n\t\t<div class=\"elementor-element elementor-element-f1cf58d e-con-full e-flex e-con e-child\" data-id=\"f1cf58d\" data-element_type=\"container\">\n\t\t\t\t<div class=\"elementor-element elementor-element-6cd7209 elementor-widget elementor-widget-heading\" data-id=\"6cd7209\" data-element_type=\"widget\" data-widget_type=\"heading.default\">\n\t\t\t\t<div class=\"elementor-widget-container\">\n\t\t\t<h2 class=\"elementor-heading-title elementor-size-default\">contacto@mobiriamx.com<\/h2>\t\t<\/div>\n\t\t\t\t<\/div>\n\t\t\t\t<div class=\"elementor-element elementor-element-3dbdda2 elementor-widget elementor-widget-heading\" data-id=\"3dbdda2\" data-element_type=\"widget\" data-widget_type=\"heading.default\">\n\t\t\t\t<div class=\"elementor-widget-container\">\n\t\t\t<h2 class=\"elementor-heading-title elementor-size-default\">whatsapp las 24\/7 <br>479 250 00 00<\/h2>\t\t<\/div>\n\t\t\t\t<\/div>\n\t\t\t\t<\/div>\n\t\t\t\t\t<\/div>\n\t\t\t\t<\/div>\n\t\t<div class=\"elementor-element elementor-element-cfc33df e-flex e-con-boxed e-con e-parent\" data-id=\"cfc33df\" data-element_type=\"container\">\n\t\t\t\t\t<div class=\"e-con-inner\">\n\t\t<div class=\"elementor-element elementor-element-7050934 e-con-full e-flex e-con e-child\" data-id=\"7050934\" data-element_type=\"container\">\n\t\t\t\t<div class=\"elementor-element elementor-element-66fbb50 elementor-widget elementor-widget-image\" data-id=\"66fbb50\" data-element_type=\"widget\" data-widget_type=\"image.default\">\n\t\t\t\t<div class=\"elementor-widget-container\">\n\t\t\t\t\t\t\t\t\t\t\t\t\t<img fetchpriority=\"high\" decoding=\"async\" width=\"474\" height=\"711\" src=\"https:\/\/mobiriamx.com\/wp-content\/uploads\/2024\/12\/c16ac7168c2cb23ef149049d6f06685b.jpg\" class=\"attachment-large size-large wp-image-1676\" alt=\"\" srcset=\"https:\/\/mobiriamx.com\/wp-content\/uploads\/2024\/12\/c16ac7168c2cb23ef149049d6f06685b.jpg 474w, https:\/\/mobiriamx.com\/wp-content\/uploads\/2024\/12\/c16ac7168c2cb23ef149049d6f06685b-200x300.jpg 200w\" sizes=\"(max-width: 474px) 100vw, 474px\" \/>\t\t\t\t\t\t\t\t\t\t\t\t\t<\/div>\n\t\t\t\t<\/div>\n\t\t\t\t<\/div>\n\t\t<div class=\"elementor-element elementor-element-3f77890 e-con-full e-flex e-con e-child\" data-id=\"3f77890\" data-element_type=\"container\" data-settings=\"{&quot;background_background&quot;:&quot;classic&quot;}\">\n\t\t\t\t<div class=\"elementor-element elementor-element-4428cfd elementor-button-align-stretch elementor-widget elementor-widget-form\" data-id=\"4428cfd\" data-element_type=\"widget\" data-settings=\"{&quot;step_next_label&quot;:&quot;Next&quot;,&quot;step_previous_label&quot;:&quot;Previous&quot;,&quot;button_width&quot;:&quot;100&quot;,&quot;step_type&quot;:&quot;number_text&quot;,&quot;step_icon_shape&quot;:&quot;circle&quot;}\" data-widget_type=\"form.default\">\n\t\t\t\t<div class=\"elementor-widget-container\">\n\t\t\t\t\t<form class=\"elementor-form\" method=\"post\" name=\"New Form\">\n\t\t\t<input type=\"hidden\" name=\"post_id\" value=\"914\"\/>\n\t\t\t<input type=\"hidden\" name=\"form_id\" value=\"4428cfd\"\/>\n\t\t\t<input type=\"hidden\" name=\"referer_title\" value=\"Contact - mobiriamx.com\" \/>\n\n\t\t\t\t\t\t\t<input type=\"hidden\" name=\"queried_id\" value=\"914\"\/>\n\t\t\t\n\t\t\t<div class=\"elementor-form-fields-wrapper elementor-labels-above\">\n\t\t\t\t\t\t\t\t<div class=\"elementor-field-type-text elementor-field-group elementor-column elementor-field-group-name elementor-col-100\">\n\t\t\t\t\t\t\t\t\t\t\t\t<label for=\"form-field-name\" class=\"elementor-field-label\">\n\t\t\t\t\t\t\t\tNombre:\t\t\t\t\t\t\t<\/label>\n\t\t\t\t\t\t\t\t\t\t\t\t\t\t<input size=\"1\" type=\"text\" name=\"form_fields[name]\" id=\"form-field-name\" class=\"elementor-field elementor-size-sm  elementor-field-textual\" placeholder=\"Nombre\">\n\t\t\t\t\t\t\t\t\t\t\t<\/div>\n\t\t\t\t\t\t\t\t<div class=\"elementor-field-type-email elementor-field-group elementor-column elementor-field-group-email elementor-col-100 elementor-field-required\">\n\t\t\t\t\t\t\t\t\t\t\t\t<label for=\"form-field-email\" class=\"elementor-field-label\">\n\t\t\t\t\t\t\t\tEmail\t\t\t\t\t\t\t<\/label>\n\t\t\t\t\t\t\t\t\t\t\t\t\t\t<input size=\"1\" type=\"email\" name=\"form_fields[email]\" id=\"form-field-email\" class=\"elementor-field elementor-size-sm  elementor-field-textual\" placeholder=\"Email\" required=\"required\" aria-required=\"true\">\n\t\t\t\t\t\t\t\t\t\t\t<\/div>\n\t\t\t\t\t\t\t\t<div class=\"elementor-field-type-textarea elementor-field-group elementor-column elementor-field-group-message elementor-col-100\">\n\t\t\t\t\t\t\t\t\t\t\t\t<label for=\"form-field-message\" class=\"elementor-field-label\">\n\t\t\t\t\t\t\t\tMensajes\t\t\t\t\t\t\t<\/label>\n\t\t\t\t\t\t<textarea class=\"elementor-field-textual elementor-field  elementor-size-sm\" name=\"form_fields[message]\" id=\"form-field-message\" rows=\"4\" placeholder=\"Mensajes\"><\/textarea>\t\t\t\t<\/div>\n\t\t\t\t\t\t\t\t<div class=\"elementor-field-group elementor-column elementor-field-type-submit elementor-col-100 e-form__buttons\">\n\t\t\t\t\t<button class=\"elementor-button elementor-size-sm\" type=\"submit\">\n\t\t\t\t\t\t<span class=\"elementor-button-content-wrapper\">\n\t\t\t\t\t\t\t\t\t\t\t\t\t\t\t\t\t\t\t\t\t\t<span class=\"elementor-button-text\">ENVIAR<\/span>\n\t\t\t\t\t\t\t\t\t\t\t\t\t<\/span>\n\t\t\t\t\t<\/button>\n\t\t\t\t<\/div>\n\t\t\t<\/div>\n\t\t<\/form>\n\t\t\t\t<\/div>\n\t\t\t\t<\/div>\n\t\t\t\t<\/div>\n\t\t\t\t\t<\/div>\n\t\t\t\t<\/div>\n\t\t\t\t<\/div>\n\t\t","protected":false},"excerpt":{"rendered":"<p>Estamos aqu\u00ed para asesorarte. Consultas, dudas, comentarios Oficina central Le\u00f3n, Guanajuato JUAN PABLO II, San Jer\u00f3nimo 314 A COL, 37148 Le\u00f3n de los Aldama, Gto., M\u00e9xico Lunes a viernes \/ 9 a.m. a 6 p.m. contacto@mobiriamx.com whatsapp las 24\/7 479 250 00 00<\/p>\n","protected":false},"author":1,"featured_media":0,"parent":0,"menu_order":0,"comment_status":"closed","ping_status":"closed","template":"","meta":{"om_disable_all_campaigns":false,"_monsterinsights_skip_tracking":false,"_monsterinsights_sitenote_active":false,"_monsterinsights_sitenote_note":"","_monsterinsights_sitenote_category":0,"footnotes":""},"class_list":["post-914","page","type-page","status-publish","hentry"],"aioseo_notices":[],"_links":{"self":[{"href":"https:\/\/mobiriamx.com\/index.php?rest_route=\/wp\/v2\/pages\/914","targetHints":{"allow":["GET"]}}],"collection":[{"href":"https:\/\/mobiriamx.com\/index.php?rest_route=\/wp\/v2\/pages"}],"about":[{"href":"https:\/\/mobiriamx.com\/index.php?rest_route=\/wp\/v2\/types\/page"}],"author":[{"embeddable":true,"href":"https:\/\/mobiriamx.com\/index.php?rest_route=\/wp\/v2\/users\/1"}],"replies":[{"embeddable":true,"href":"https:\/\/mobiriamx.com\/index.php?rest_route=%2Fwp%2Fv2%2Fcomments&post=914"}],"version-history":[{"count":87,"href":"https:\/\/mobiriamx.com\/index.php?rest_route=\/wp\/v2\/pages\/914\/revisions"}],"predecessor-version":[{"id":2623,"href":"https:\/\/mobiriamx.com\/index.php?rest_route=\/wp\/v2\/pages\/914\/revisions\/2623"}],"wp:attachment":[{"href":"https:\/\/mobiriamx.com\/index.php?rest_route=%2Fwp%2Fv2%2Fmedia&parent=914"}],"curies":[{"name":"wp","href":"https:\/\/api.w.org\/{rel}","templated":true}]}}