{"id":908,"date":"2024-11-28T17:52:57","date_gmt":"2024-11-28T17:52:57","guid":{"rendered":"https:\/\/mobiriamx.com\/about\/"},"modified":"2025-03-21T18:58:08","modified_gmt":"2025-03-21T18:58:08","slug":"nosotros","status":"publish","type":"page","link":"https:\/\/mobiriamx.com\/?page_id=908","title":{"rendered":"Nosotros"},"content":{"rendered":"\t\t<div data-elementor-type=\"wp-page\" data-elementor-id=\"908\" class=\"elementor elementor-908\" data-elementor-post-type=\"page\">\n\t\t\t\t<div class=\"elementor-element elementor-element-f349b81 e-flex e-con-boxed e-con e-parent\" data-id=\"f349b81\" data-element_type=\"container\">\n\t\t\t\t\t<div class=\"e-con-inner\">\n\t\t\t\t<div class=\"elementor-element elementor-element-e339a22 elementor-widget elementor-widget-heading\" data-id=\"e339a22\" data-element_type=\"widget\" data-widget_type=\"heading.default\">\n\t\t\t\t<div class=\"elementor-widget-container\">\n\t\t\t<h2 class=\"elementor-heading-title elementor-size-default\">\u00bfQu\u00e9 es Mobiria?<\/h2>\t\t<\/div>\n\t\t\t\t<\/div>\n\t\t\t\t<div class=\"elementor-element elementor-element-f8f6015 elementor-widget elementor-widget-text-editor\" data-id=\"f8f6015\" data-element_type=\"widget\" data-widget_type=\"text-editor.default\">\n\t\t\t\t<div class=\"elementor-widget-container\">\n\t\t\t\t\t\t\t<p>Somos una empresa del ramo inmobiliario enfocada en el m\u00e1ximo aprovechamiento de las herramientas y plataformas digitales para la compra-venta de vivienda usada en M\u00e9xico.<br \/>En Mobiria, ofrecemos mejores oportunidades al alcance de m\u00e1s personas para poder emprender un proyecto inmobiliario, principalmente a los estratos econ\u00f3micos m\u00e1s vulnerables en t\u00e9rminos de poder adquisitivo e ingresos.<br \/>Explora nuestro cat\u00e1logo y encuentra aqu\u00ed tu hogar.<\/p>\t\t\t\t\t\t<\/div>\n\t\t\t\t<\/div>\n\t\t\t\t<div class=\"elementor-element elementor-element-37bd7f7 elementor-widget elementor-widget-heading\" data-id=\"37bd7f7\" data-element_type=\"widget\" data-widget_type=\"heading.default\">\n\t\t\t\t<div class=\"elementor-widget-container\">\n\t\t\t<h2 class=\"elementor-heading-title elementor-size-default\">Lo que hacemos por usted<\/h2>\t\t<\/div>\n\t\t\t\t<\/div>\n\t\t\t\t\t<\/div>\n\t\t\t\t<\/div>\n\t\t<div class=\"elementor-element elementor-element-8e8c40b e-flex e-con-boxed e-con e-parent\" data-id=\"8e8c40b\" data-element_type=\"container\" data-settings=\"{&quot;background_background&quot;:&quot;classic&quot;}\">\n\t\t\t\t\t<div class=\"e-con-inner\">\n\t\t<div class=\"elementor-element elementor-element-e400489 e-con-full e-flex e-con e-child\" data-id=\"e400489\" data-element_type=\"container\">\n\t\t\t\t<div class=\"elementor-element elementor-element-b7d6af2 elementor-widget elementor-widget-heading\" data-id=\"b7d6af2\" data-element_type=\"widget\" data-widget_type=\"heading.default\">\n\t\t\t\t<div class=\"elementor-widget-container\">\n\t\t\t<h2 class=\"elementor-heading-title elementor-size-default\">Renta y renta de propiedades<\/h2>\t\t<\/div>\n\t\t\t\t<\/div>\n\t\t\t\t<div class=\"elementor-element elementor-element-432f0c0 elementor-widget elementor-widget-image\" data-id=\"432f0c0\" data-element_type=\"widget\" data-widget_type=\"image.default\">\n\t\t\t\t<div class=\"elementor-widget-container\">\n\t\t\t\t\t\t\t\t\t\t\t\t\t<img fetchpriority=\"high\" decoding=\"async\" width=\"700\" height=\"400\" src=\"https:\/\/mobiriamx.com\/wp-content\/uploads\/2024\/11\/4620373dadf5bca5e3730d92cbd3a35b.jpg\" class=\"attachment-large size-large wp-image-1514\" alt=\"\" srcset=\"https:\/\/mobiriamx.com\/wp-content\/uploads\/2024\/11\/4620373dadf5bca5e3730d92cbd3a35b.jpg 700w, https:\/\/mobiriamx.com\/wp-content\/uploads\/2024\/11\/4620373dadf5bca5e3730d92cbd3a35b-600x343.jpg 600w, https:\/\/mobiriamx.com\/wp-content\/uploads\/2024\/11\/4620373dadf5bca5e3730d92cbd3a35b-300x171.jpg 300w\" sizes=\"(max-width: 700px) 100vw, 700px\" \/>\t\t\t\t\t\t\t\t\t\t\t\t\t<\/div>\n\t\t\t\t<\/div>\n\t\t\t\t<div class=\"elementor-element elementor-element-e0ac1d9 elementor-widget elementor-widget-text-editor\" data-id=\"e0ac1d9\" data-element_type=\"widget\" data-widget_type=\"text-editor.default\">\n\t\t\t\t<div class=\"elementor-widget-container\">\n\t\t\t\t\t\t\t<div class=\"uagb-ifb-title-wrap\"><p class=\"p1\">Recibe orientaci\u00f3n para tomar decisiones correctas en la compra, venta o renta de propiedades. Nuestro equipo de expertos est\u00e1 listo para guiarte en cada paso del proceso.<\/p><\/div>\t\t\t\t\t\t<\/div>\n\t\t\t\t<\/div>\n\t\t\t\t<\/div>\n\t\t<div class=\"elementor-element elementor-element-8e17026 e-con-full e-flex e-con e-child\" data-id=\"8e17026\" data-element_type=\"container\">\n\t\t\t\t<div class=\"elementor-element elementor-element-fb8ed90 elementor-widget elementor-widget-heading\" data-id=\"fb8ed90\" data-element_type=\"widget\" data-widget_type=\"heading.default\">\n\t\t\t\t<div class=\"elementor-widget-container\">\n\t\t\t<h2 class=\"elementor-heading-title elementor-size-default\">Asesor\u00eda profesional<\/h2>\t\t<\/div>\n\t\t\t\t<\/div>\n\t\t\t\t<div class=\"elementor-element elementor-element-71f3740 elementor-widget elementor-widget-image\" data-id=\"71f3740\" data-element_type=\"widget\" data-widget_type=\"image.default\">\n\t\t\t\t<div class=\"elementor-widget-container\">\n\t\t\t\t\t\t\t\t\t\t\t\t\t<img decoding=\"async\" width=\"735\" height=\"371\" src=\"https:\/\/mobiriamx.com\/wp-content\/uploads\/2024\/11\/9e5e402ae58a65df1384f28e190df6f9.jpg\" class=\"attachment-1536x1536 size-1536x1536 wp-image-1513\" alt=\"\" srcset=\"https:\/\/mobiriamx.com\/wp-content\/uploads\/2024\/11\/9e5e402ae58a65df1384f28e190df6f9.jpg 735w, https:\/\/mobiriamx.com\/wp-content\/uploads\/2024\/11\/9e5e402ae58a65df1384f28e190df6f9-600x303.jpg 600w, https:\/\/mobiriamx.com\/wp-content\/uploads\/2024\/11\/9e5e402ae58a65df1384f28e190df6f9-300x151.jpg 300w\" sizes=\"(max-width: 735px) 100vw, 735px\" \/>\t\t\t\t\t\t\t\t\t\t\t\t\t<\/div>\n\t\t\t\t<\/div>\n\t\t\t\t<div class=\"elementor-element elementor-element-fd88a07 elementor-widget elementor-widget-text-editor\" data-id=\"fd88a07\" data-element_type=\"widget\" data-widget_type=\"text-editor.default\">\n\t\t\t\t<div class=\"elementor-widget-container\">\n\t\t\t\t\t\t\t<div class=\"uagb-ifb-title-wrap\"><p class=\"p1\"><span class=\"s1\">Recibe orientaci\u00f3n para tomar decisiones correctas en la compra, venta o renta de propiedades. Nuestro equipo de expertos est\u00e1 listo para guiarte en cada paso del proceso.<\/span><\/p><\/div>\t\t\t\t\t\t<\/div>\n\t\t\t\t<\/div>\n\t\t\t\t<\/div>\n\t\t<div class=\"elementor-element elementor-element-f658ad5 e-con-full e-flex e-con e-child\" data-id=\"f658ad5\" data-element_type=\"container\">\n\t\t\t\t<div class=\"elementor-element elementor-element-d1cfdb7 elementor-widget elementor-widget-heading\" data-id=\"d1cfdb7\" data-element_type=\"widget\" data-widget_type=\"heading.default\">\n\t\t\t\t<div class=\"elementor-widget-container\">\n\t\t\t<h2 class=\"elementor-heading-title elementor-size-default\">Ubicados en Le\u00f3n, Guanjuato<\/h2>\t\t<\/div>\n\t\t\t\t<\/div>\n\t\t\t\t<div class=\"elementor-element elementor-element-ba41f33 elementor-widget elementor-widget-image\" data-id=\"ba41f33\" data-element_type=\"widget\" data-widget_type=\"image.default\">\n\t\t\t\t<div class=\"elementor-widget-container\">\n\t\t\t\t\t\t\t\t\t\t\t\t\t<img decoding=\"async\" width=\"1536\" height=\"1024\" src=\"https:\/\/mobiriamx.com\/wp-content\/uploads\/2024\/11\/leon-1536x1024.jpg\" class=\"attachment-1536x1536 size-1536x1536 wp-image-1440\" alt=\"\" srcset=\"https:\/\/mobiriamx.com\/wp-content\/uploads\/2024\/11\/leon-1536x1024.jpg 1536w, https:\/\/mobiriamx.com\/wp-content\/uploads\/2024\/11\/leon-scaled-600x400.jpg 600w, https:\/\/mobiriamx.com\/wp-content\/uploads\/2024\/11\/leon-300x200.jpg 300w, https:\/\/mobiriamx.com\/wp-content\/uploads\/2024\/11\/leon-1024x683.jpg 1024w, https:\/\/mobiriamx.com\/wp-content\/uploads\/2024\/11\/leon-768x512.jpg 768w, https:\/\/mobiriamx.com\/wp-content\/uploads\/2024\/11\/leon-2048x1365.jpg 2048w\" sizes=\"(max-width: 1536px) 100vw, 1536px\" \/>\t\t\t\t\t\t\t\t\t\t\t\t\t<\/div>\n\t\t\t\t<\/div>\n\t\t\t\t<div class=\"elementor-element elementor-element-44bdcb5 elementor-widget elementor-widget-text-editor\" data-id=\"44bdcb5\" data-element_type=\"widget\" data-widget_type=\"text-editor.default\">\n\t\t\t\t<div class=\"elementor-widget-container\">\n\t\t\t\t\t\t\t<div class=\"uagb-ifb-title-wrap\"><p class=\"p1\"><span class=\"s1\">Ya sea que busques una nueva propiedad para tu hogar o una inversi\u00f3n, te ayudamos a encontrar la opci\u00f3n ideal con el respaldo de un equipo profesional.<\/span><\/p><\/div>\t\t\t\t\t\t<\/div>\n\t\t\t\t<\/div>\n\t\t\t\t<\/div>\n\t\t\t\t\t<\/div>\n\t\t\t\t<\/div>\n\t\t<div class=\"elementor-element elementor-element-ab6495b e-flex e-con-boxed e-con e-parent\" data-id=\"ab6495b\" data-element_type=\"container\" data-settings=\"{&quot;background_background&quot;:&quot;classic&quot;}\">\n\t\t\t\t\t<div class=\"e-con-inner\">\n\t\t\t\t<div class=\"elementor-element elementor-element-173cac5 elementor-widget elementor-widget-heading\" data-id=\"173cac5\" data-element_type=\"widget\" data-widget_type=\"heading.default\">\n\t\t\t\t<div class=\"elementor-widget-container\">\n\t\t\t<h2 class=\"elementor-heading-title elementor-size-default\">Lo que nos hace \u00fanicos<\/h2>\t\t<\/div>\n\t\t\t\t<\/div>\n\t\t\t\t\t<\/div>\n\t\t\t\t<\/div>\n\t\t<div class=\"elementor-element elementor-element-319f3eb e-flex e-con-boxed e-con e-parent\" data-id=\"319f3eb\" data-element_type=\"container\">\n\t\t\t\t\t<div class=\"e-con-inner\">\n\t\t\t\t<div class=\"elementor-element elementor-element-6b180de elementor-widget elementor-widget-heading\" data-id=\"6b180de\" data-element_type=\"widget\" data-widget_type=\"heading.default\">\n\t\t\t\t<div class=\"elementor-widget-container\">\n\t\t\t<h2 class=\"elementor-heading-title elementor-size-default\">Misi\u00f3n<\/h2>\t\t<\/div>\n\t\t\t\t<\/div>\n\t\t\t\t\t<\/div>\n\t\t\t\t<\/div>\n\t\t<div class=\"elementor-element elementor-element-61b8ccc e-flex e-con-boxed e-con e-parent\" data-id=\"61b8ccc\" data-element_type=\"container\">\n\t\t\t\t\t<div class=\"e-con-inner\">\n\t\t\t\t<div class=\"elementor-element elementor-element-42771ec elementor-widget elementor-widget-text-editor\" data-id=\"42771ec\" data-element_type=\"widget\" data-widget_type=\"text-editor.default\">\n\t\t\t\t<div class=\"elementor-widget-container\">\n\t\t\t\t\t\t\t<h5><br \/>Crear una multiplataforma eficiente que facilite la compra y venta de vivienda usada a trav\u00e9s principalmente de medios<br \/>digitales y que como consecuencia genere una comunidad de respeto y de manera eficiente realice procesos de tr\u00e1mites inmobiliarios, siempre de la mano del profesionalismo, legalidad y honestidad.<\/h5>\t\t\t\t\t\t<\/div>\n\t\t\t\t<\/div>\n\t\t<div class=\"elementor-element elementor-element-caf8cd0 e-con-full e-flex e-con e-child\" data-id=\"caf8cd0\" data-element_type=\"container\">\n\t\t\t\t<div class=\"elementor-element elementor-element-5ba4015 elementor-widget elementor-widget-heading\" data-id=\"5ba4015\" data-element_type=\"widget\" data-widget_type=\"heading.default\">\n\t\t\t\t<div class=\"elementor-widget-container\">\n\t\t\t<h2 class=\"elementor-heading-title elementor-size-default\">Visi\u00f3n<\/h2>\t\t<\/div>\n\t\t\t\t<\/div>\n\t\t\t\t<\/div>\n\t\t\t\t\t<\/div>\n\t\t\t\t<\/div>\n\t\t<div class=\"elementor-element elementor-element-f2a009e e-flex e-con-boxed e-con e-parent\" data-id=\"f2a009e\" data-element_type=\"container\">\n\t\t\t\t\t<div class=\"e-con-inner\">\n\t\t\t\t<div class=\"elementor-element elementor-element-0ae01c4 elementor-widget elementor-widget-text-editor\" data-id=\"0ae01c4\" data-element_type=\"widget\" data-widget_type=\"text-editor.default\">\n\t\t\t\t<div class=\"elementor-widget-container\">\n\t\t\t\t\t\t\t<h5><br \/>Ser una herramienta en la sociedad que brinde mayores oportunidades reales, cualitativas y cuantitativas en la adquisici\u00f3n de vivienda a cualquier persona en M\u00e9xico y el resto del mundo, erradicar el comercio por espacios digitales y servicios informales, unificando y englobando todas las cuestiones inmobiliarias en un solo sitio.<\/h5>\t\t\t\t\t\t<\/div>\n\t\t\t\t<\/div>\n\t\t\t\t<div class=\"elementor-element elementor-element-0fc8be9 elementor-widget elementor-widget-heading\" data-id=\"0fc8be9\" data-element_type=\"widget\" data-widget_type=\"heading.default\">\n\t\t\t\t<div class=\"elementor-widget-container\">\n\t\t\t<h2 class=\"elementor-heading-title elementor-size-default\">Forma de trabajo<\/h2>\t\t<\/div>\n\t\t\t\t<\/div>\n\t\t\t\t\t<\/div>\n\t\t\t\t<\/div>\n\t\t<div class=\"elementor-element elementor-element-ebe6b29 e-flex e-con-boxed e-con e-parent\" data-id=\"ebe6b29\" data-element_type=\"container\">\n\t\t\t\t\t<div class=\"e-con-inner\">\n\t\t\t\t<div class=\"elementor-element elementor-element-e316c54 elementor-widget elementor-widget-text-editor\" data-id=\"e316c54\" data-element_type=\"widget\" data-widget_type=\"text-editor.default\">\n\t\t\t\t<div class=\"elementor-widget-container\">\n\t\t\t\t\t\t\t<h5><br \/>Trabajamos siempre de una forma estandarizada, siguiendo siempre lineamientos y orden correspondiente de los diferentes procesos que ofrecemos, una amplia gama de Servicios Inmobiliarios y Tramitolog\u00eda, Remodelaci\u00f3n, Construcci\u00f3n, Gesti\u00f3n de propiedades y herramientas digitales, siempre cuidando la integridad del cliente y ofreciendo un trato digno en todo momento.<\/h5>\t\t\t\t\t\t<\/div>\n\t\t\t\t<\/div>\n\t\t\t\t\t<\/div>\n\t\t\t\t<\/div>\n\t\t\t\t<\/div>\n\t\t","protected":false},"excerpt":{"rendered":"<p>\u00bfQu\u00e9 es Mobiria? Somos una empresa del ramo inmobiliario enfocada en el m\u00e1ximo aprovechamiento de las herramientas y plataformas digitales para la compra-venta de vivienda usada en M\u00e9xico.En Mobiria, ofrecemos mejores oportunidades al alcance de m\u00e1s personas para poder emprender un proyecto inmobiliario, principalmente a los estratos econ\u00f3micos m\u00e1s vulnerables en t\u00e9rminos de poder adquisitivo [&hellip;]<\/p>\n","protected":false},"author":1,"featured_media":0,"parent":0,"menu_order":0,"comment_status":"closed","ping_status":"closed","template":"","meta":{"om_disable_all_campaigns":false,"_monsterinsights_skip_tracking":false,"_monsterinsights_sitenote_active":false,"_monsterinsights_sitenote_note":"","_monsterinsights_sitenote_category":0,"footnotes":""},"class_list":["post-908","page","type-page","status-publish","hentry"],"aioseo_notices":[],"_links":{"self":[{"href":"https:\/\/mobiriamx.com\/index.php?rest_route=\/wp\/v2\/pages\/908","targetHints":{"allow":["GET"]}}],"collection":[{"href":"https:\/\/mobiriamx.com\/index.php?rest_route=\/wp\/v2\/pages"}],"about":[{"href":"https:\/\/mobiriamx.com\/index.php?rest_route=\/wp\/v2\/types\/page"}],"author":[{"embeddable":true,"href":"https:\/\/mobiriamx.com\/index.php?rest_route=\/wp\/v2\/users\/1"}],"replies":[{"embeddable":true,"href":"https:\/\/mobiriamx.com\/index.php?rest_route=%2Fwp%2Fv2%2Fcomments&post=908"}],"version-history":[{"count":107,"href":"https:\/\/mobiriamx.com\/index.php?rest_route=\/wp\/v2\/pages\/908\/revisions"}],"predecessor-version":[{"id":2585,"href":"https:\/\/mobiriamx.com\/index.php?rest_route=\/wp\/v2\/pages\/908\/revisions\/2585"}],"wp:attachment":[{"href":"https:\/\/mobiriamx.com\/index.php?rest_route=%2Fwp%2Fv2%2Fmedia&parent=908"}],"curies":[{"name":"wp","href":"https:\/\/api.w.org\/{rel}","templated":true}]}}