{"id":1652,"date":"2024-12-10T18:36:56","date_gmt":"2024-12-10T18:36:56","guid":{"rendered":"https:\/\/mobiriamx.com\/?page_id=1652"},"modified":"2025-02-19T00:12:30","modified_gmt":"2025-02-19T00:12:30","slug":"aviso-de-privacidad","status":"publish","type":"page","link":"https:\/\/mobiriamx.com\/?page_id=1652","title":{"rendered":"Aviso de Privacidad"},"content":{"rendered":"\t\t<div data-elementor-type=\"wp-page\" data-elementor-id=\"1652\" class=\"elementor elementor-1652\" data-elementor-post-type=\"page\">\n\t\t\t\t<div class=\"elementor-element elementor-element-39f2af1 e-flex e-con-boxed e-con e-parent\" data-id=\"39f2af1\" data-element_type=\"container\">\n\t\t\t\t\t<div class=\"e-con-inner\">\n\t\t\t\t<div class=\"elementor-element elementor-element-726a8c5 elementor-widget elementor-widget-heading\" data-id=\"726a8c5\" data-element_type=\"widget\" data-widget_type=\"heading.default\">\n\t\t\t\t<div class=\"elementor-widget-container\">\n\t\t\t<h2 class=\"elementor-heading-title elementor-size-default\">Aviso de Privacidad<\/h2>\t\t<\/div>\n\t\t\t\t<\/div>\n\t\t\t\t\t<\/div>\n\t\t\t\t<\/div>\n\t\t<div class=\"elementor-element elementor-element-b7d572f e-flex e-con-boxed e-con e-parent\" data-id=\"b7d572f\" data-element_type=\"container\">\n\t\t\t\t\t<div class=\"e-con-inner\">\n\t\t\t\t<div class=\"elementor-element elementor-element-71b96e2 elementor-widget elementor-widget-text-editor\" data-id=\"71b96e2\" data-element_type=\"widget\" data-widget_type=\"text-editor.default\">\n\t\t\t\t<div class=\"elementor-widget-container\">\n\t\t\t\t\t\t\t<p>En cumplimiento al deber de resguardo de informaci\u00f3n y de datos personales y con fundamento en los dispuesto por los art\u00edculos 3 fracci\u00f3n I, 8, 12, 15, 16 y dem\u00e1s relativos de la Ley Federal de Protecci\u00f3n de Datos Personales en Posesi\u00f3n de Particulares, MOBIRIA PROPTECH S.A.P.I. DE C.V., con nombre comercial MOBIRIA, pone a su disposici\u00f3n el presente Aviso de Privacidad.<\/p>\n<p>IDENTIDAD Y DOMICILIO DEL RESPONSABLE DE LA PROTECCI\u00d3N DE DATOS PERSONALES<\/p>\n<p>MOBIRIA PROPTECH S.A.P.I. DE C.V., con nombre comercial MOBIRIA, ubicado en Juan Pablo II 314 A col. San Jer\u00f3nimo, Le\u00f3n, Gto., es la persona responsable del uso y protecci\u00f3n de sus datos personales.<\/p>\n<p>DATOS PERSONALES UTILIZADOS<\/p>\n<p>Para llevar a cabo las finalidades descritas en este Aviso de Privacidad, haremos uso de los siguientes datos personales:<br \/>a) Datos de contacto<br \/>b) Datos de identificaci\u00f3n<\/p>\n<p>COOKIES, WEB BEACONS Y TECNOLOG\u00cdAS SIMILARES<\/p>\n<p>Utilizamos cookies, web beacons y\/o tecnolog\u00edas similares para mejorar su experiencia en nuestro sitio web. Estas herramientas recopilan informaci\u00f3n como su direcci\u00f3n IP, tipo de navegador, p\u00e1ginas visitadas y la duraci\u00f3n de su visita. Esta informaci\u00f3n se puede utilizar para analizar tendencias, administrar el sitio y mejorar nuestros servicios. Puede deshabilitar estas tecnolog\u00edas en la configuraci\u00f3n de su navegador, pero tenga en cuenta que esto podr\u00eda afectar la funcionalidad del sitio.<\/p>\n<p>MEDIDAS DE SEGURIDAD Y TIEMPO DE CONSERVACI\u00d3N<\/p>\n<p>Hemos implementado medidas de seguridad t\u00e9cnicas, administrativas y f\u00edsicas para resguardar la seguridad de sus datos personales, cumpliendo con los est\u00e1ndares legales.<\/p>\n<p>La retenci\u00f3n de sus datos se extender\u00e1 por un periodo de 48 meses, en consonancia con los prop\u00f3sitos expuestos en<br \/>este aviso y los plazos legales correspondientes.<\/p>\n<p>FINALIDADES DEL TRATAMIENTO DE DATOS PERSONALES<\/p>\n<p>Utilizaremos los datos recabados para las siguientes finalidades, que son necesarias para el servicio solicitado:<br \/>a) Finalidad de contacto, aclaraciones y comunicaci\u00f3n<br \/>b) Finalidad de facturaci\u00f3n y cobro<br \/>c) Finalidad de establecer una relaci\u00f3n comercial<\/p>\n<p>TRANSFERENCIAS DE DATOS QUE SE EFECT\u00daEN<\/p>\n<p>No compartiremos sus datos personales con terceros, salvo por requerimientos legales. Los datos ser\u00e1n utilizados exclusivamente para los fines se\u00f1alados en este Aviso de Privacidad.<\/p>\n<p>MEDIOS PARA EJERCER LOS DERECHOS DE ACCESO, RECTIFICACI\u00d3N, CANCELACI\u00d3N U OPOSICI\u00d3N<\/p>\n<p>Usted tiene el derecho de conocer los datos personales que tenemos sobre usted, as\u00ed como su utilizaci\u00f3n y las condiciones bajo las cuales son tratados (Derecho de Acceso). De igual manera, le asiste el derecho de solicitar la correcci\u00f3n de su informaci\u00f3n personal en caso de estar desactualizada, inexacta o incompleta (Derecho de Rectificaci\u00f3n); requerir la eliminaci\u00f3n de sus datos de nuestros registros o bases de datos si considera que su uso no concuerda con los principios, deberes y obligaciones establecidos por la normativa (Derecho de Cancelaci\u00f3n); as\u00ed como oponerse al tratamiento de sus datos personales para fines espec\u00edficos (Derecho de Oposici\u00f3n). Estos derechos son conocidos como derechos ARCO.<\/p>\n<p>A continuaci\u00f3n, proporcionamos los datos de contacto de la persona o departamento encargado de gestionar las<br \/>solicitudes relacionadas con los derechos ARCO:<\/p>\n<p>Nombre: Atenci\u00f3n y contacto<br \/>Domicilio: Juan Pablo II 314 A col. San Jer\u00f3nimo Le\u00f3n, Gto.<br \/>Correo electr\u00f3nico: atencion@mobiriamx.com<\/p>\n<p>Si desea ejercer los derechos de acceso, rectificaci\u00f3n, cancelaci\u00f3n u oposici\u00f3n del tratamiento de sus datos personales o limitar su divulgaci\u00f3n, puede presentar la solicitud respectiva a trav\u00e9s del siguiente correo electr\u00f3nico:<\/p>\n<p>atencion@mobiriamx.com<\/p>\n<p>La respuesta a su solicitud ser\u00e1 comunicada de la siguiente manera:<\/p>\n<p>Las respuestas ser\u00e1n enviadas por correo electr\u00f3nico a la direcci\u00f3n proporcionada por el solicitante<\/p>\n<p>El plazo para brindar respuesta a su solicitud ser\u00e1 el siguiente: de 5 a 7 d\u00edas h\u00e1biles<\/p>\n<p>OPCIONES Y MEDIOS QUE EL RESPONSABLE OFREZCA A LOS TITULARES PARA LIMITAR EL USO O DIVULGACI\u00d3N DE LOS DATOS<\/p>\n<p>Si desea revocar el consentimiento otorgado para el tratamiento de sus datos personales o limitar su divulgaci\u00f3n, puede presentar la solicitud respectiva a trav\u00e9s del siguiente correo electr\u00f3nico:<br \/>atencion@mobiriamx.com<\/p>\n<p>La comunicaci\u00f3n de la respuesta a la solicitud de revocaci\u00f3n o limitaci\u00f3n de divulgaci\u00f3n de sus datos se llevar\u00e1 a cabo de la siguiente forma:<br \/>Las respuestas ser\u00e1n enviadas por correo electr\u00f3nico a la direcci\u00f3n proporcionada por el solicitante<\/p>\n<p>La respuesta a la solicitud de revocaci\u00f3n o limitaci\u00f3n de divulgaci\u00f3n de sus datos se proporcionar\u00e1 en un plazo m\u00e1ximo de: 5 a 7 d\u00edas h\u00e1biles<\/p>\n<p>CAMBIOS AL AVISO DE PRIVACIDAD<\/p>\n<p>El presente aviso de privacidad puede sufrir modificaciones, cambios o actualizaciones derivadas de nuevos requerimientos legales; de nuestras propias necesidades por los productos o servicios que ofrecemos; de nuestras pr\u00e1cticas de privacidad; de cambios en nuestro modelo de negocio, o por otras causas, por lo cual, nos comprometemos a mantenerlo informado sobre los cambios que pueda sufrir el presente aviso de privacidad, sin embargo, usted puede solicitar informaci\u00f3n sobre si el mismo ha sufrido alg\u00fan cambio a trav\u00e9s del siguiente correo electr\u00f3nico:<br \/>atencion@mobiriamx.com<\/p>\n<p>\u00daltima actualizaci\u00f3n: 04 de diciembre de 2024<\/p>\t\t\t\t\t\t<\/div>\n\t\t\t\t<\/div>\n\t\t\t\t\t<\/div>\n\t\t\t\t<\/div>\n\t\t\t\t<\/div>\n\t\t","protected":false},"excerpt":{"rendered":"<p>Aviso de Privacidad En cumplimiento al deber de resguardo de informaci\u00f3n y de datos personales y con fundamento en los dispuesto por los art\u00edculos 3 fracci\u00f3n I, 8, 12, 15, 16 y dem\u00e1s relativos de la Ley Federal de Protecci\u00f3n de Datos Personales en Posesi\u00f3n de Particulares, MOBIRIA PROPTECH S.A.P.I. DE C.V., con nombre comercial [&hellip;]<\/p>\n","protected":false},"author":1,"featured_media":0,"parent":0,"menu_order":0,"comment_status":"closed","ping_status":"closed","template":"elementor_theme","meta":{"om_disable_all_campaigns":false,"_monsterinsights_skip_tracking":false,"_monsterinsights_sitenote_active":false,"_monsterinsights_sitenote_note":"","_monsterinsights_sitenote_category":0,"footnotes":""},"class_list":["post-1652","page","type-page","status-publish","hentry"],"aioseo_notices":[],"_links":{"self":[{"href":"https:\/\/mobiriamx.com\/index.php?rest_route=\/wp\/v2\/pages\/1652","targetHints":{"allow":["GET"]}}],"collection":[{"href":"https:\/\/mobiriamx.com\/index.php?rest_route=\/wp\/v2\/pages"}],"about":[{"href":"https:\/\/mobiriamx.com\/index.php?rest_route=\/wp\/v2\/types\/page"}],"author":[{"embeddable":true,"href":"https:\/\/mobiriamx.com\/index.php?rest_route=\/wp\/v2\/users\/1"}],"replies":[{"embeddable":true,"href":"https:\/\/mobiriamx.com\/index.php?rest_route=%2Fwp%2Fv2%2Fcomments&post=1652"}],"version-history":[{"count":10,"href":"https:\/\/mobiriamx.com\/index.php?rest_route=\/wp\/v2\/pages\/1652\/revisions"}],"predecessor-version":[{"id":2471,"href":"https:\/\/mobiriamx.com\/index.php?rest_route=\/wp\/v2\/pages\/1652\/revisions\/2471"}],"wp:attachment":[{"href":"https:\/\/mobiriamx.com\/index.php?rest_route=%2Fwp%2Fv2%2Fmedia&parent=1652"}],"curies":[{"name":"wp","href":"https:\/\/api.w.org\/{rel}","templated":true}]}}